{"id":65,"date":"2012-01-20T14:08:03","date_gmt":"2012-01-20T14:08:03","guid":{"rendered":"https:\/\/lapradella.fr\/new\/?page_id=65"},"modified":"2026-04-24T20:13:37","modified_gmt":"2026-04-24T20:13:37","slug":"tarifs-reservation","status":"publish","type":"page","link":"https:\/\/lapradella.fr\/new\/tarifs-reservation\/","title":{"rendered":"Tarifs &#038; Disponibilit\u00e9s"},"content":{"rendered":"\n<div class=\"wpcf7 no-js\" id=\"wpcf7-f787-o1\" lang=\"en-US\" dir=\"ltr\" data-wpcf7-id=\"787\">\n<div class=\"screen-reader-response\"><p role=\"status\" aria-live=\"polite\" aria-atomic=\"true\"><\/p> <ul><\/ul><\/div>\n<form action=\"\/new\/wp-json\/wp\/v2\/pages\/65#wpcf7-f787-o1\" method=\"post\" class=\"wpcf7-form init\" aria-label=\"Contact form\" novalidate=\"novalidate\" data-status=\"init\">\n<fieldset class=\"hidden-fields-container\"><input type=\"hidden\" name=\"_wpcf7\" value=\"787\" \/><input type=\"hidden\" name=\"_wpcf7_version\" value=\"6.1.5\" \/><input type=\"hidden\" name=\"_wpcf7_locale\" value=\"en_US\" \/><input type=\"hidden\" name=\"_wpcf7_unit_tag\" value=\"wpcf7-f787-o1\" \/><input type=\"hidden\" name=\"_wpcf7_container_post\" value=\"0\" \/><input type=\"hidden\" name=\"_wpcf7_posted_data_hash\" value=\"\" \/>\n<\/fieldset>\n<div class=\"cf7-reservation\">\n\t<div class=\"cf7-steps\">\n\t\t<p><span class=\"cf7-step cf7-step-active\" data-step=\"1\">Vos Informations<\/span><span class=\"cf7-step\" data-step=\"2\">Votre R\u00e9servation<\/span>\n\t\t<\/p>\n\t<\/div>\n\t<div class=\"cf7-step-content cf7-step-1 cf7-visible\">\n\t\t<h3>Vos Informations\n\t\t<\/h3>\n\t\t<div class=\"cf7-row\">\n\t\t\t<div class=\"cf7-col\">\n\t\t\t\t<p><label> Nom *<br \/>\n<span class=\"wpcf7-form-control-wrap\" data-name=\"nom\"><input size=\"40\" maxlength=\"400\" class=\"wpcf7-form-control wpcf7-text wpcf7-validates-as-required\" aria-required=\"true\" aria-invalid=\"false\" value=\"\" type=\"text\" name=\"nom\" \/><\/span> <\/label>\n\t\t\t\t<\/p>\n\t\t\t<\/div>\n\t\t\t<div class=\"cf7-col\">\n\t\t\t\t<p><label> Pr\u00e9nom *<br \/>\n<span class=\"wpcf7-form-control-wrap\" data-name=\"prenom\"><input size=\"40\" maxlength=\"400\" class=\"wpcf7-form-control wpcf7-text wpcf7-validates-as-required\" aria-required=\"true\" aria-invalid=\"false\" value=\"\" type=\"text\" name=\"prenom\" \/><\/span> <\/label>\n\t\t\t\t<\/p>\n\t\t\t<\/div>\n\t\t<\/div>\n\t\t<p><label> Adresse *<br \/>\n<span class=\"wpcf7-form-control-wrap\" data-name=\"adresse\"><input size=\"40\" maxlength=\"400\" class=\"wpcf7-form-control wpcf7-text wpcf7-validates-as-required\" aria-required=\"true\" aria-invalid=\"false\" value=\"\" type=\"text\" name=\"adresse\" \/><\/span> <\/label>\n\t\t<\/p>\n\t\t<div class=\"cf7-row\">\n\t\t\t<div class=\"cf7-col\">\n\t\t\t\t<p><label> Ville *<br \/>\n<span class=\"wpcf7-form-control-wrap\" data-name=\"ville\"><input size=\"40\" maxlength=\"400\" class=\"wpcf7-form-control wpcf7-text wpcf7-validates-as-required\" aria-required=\"true\" aria-invalid=\"false\" value=\"\" type=\"text\" name=\"ville\" \/><\/span> <\/label>\n\t\t\t\t<\/p>\n\t\t\t<\/div>\n\t\t\t<div class=\"cf7-col\">\n\t\t\t\t<p><label> Code Postal *<br \/>\n<span class=\"wpcf7-form-control-wrap\" data-name=\"zip\"><input size=\"40\" maxlength=\"400\" class=\"wpcf7-form-control wpcf7-text wpcf7-validates-as-required\" aria-required=\"true\" aria-invalid=\"false\" value=\"\" type=\"text\" name=\"zip\" \/><\/span> <\/label>\n\t\t\t\t<\/p>\n\t\t\t<\/div>\n\t\t<\/div>\n\t\t<p><label> Pays *<br \/>\n<span class=\"wpcf7-form-control-wrap\" data-name=\"pays\"><select class=\"wpcf7-form-control wpcf7-select wpcf7-validates-as-required\" aria-required=\"true\" aria-invalid=\"false\" name=\"pays\"><option value=\"\">Veuillez choisir un pays<\/option><option value=\"France\">France<\/option><option value=\"Suisse\">Suisse<\/option><option value=\"Italie\">Italie<\/option><option value=\"Espagne\">Espagne<\/option><option value=\"Belgique\">Belgique<\/option><option value=\"Autre\">Autre<\/option><\/select><\/span><br \/>\n<\/label>\n\t\t<\/p>\n\t\t<div class=\"cf7-row\">\n\t\t\t<div class=\"cf7-col\">\n\t\t\t\t<p><label> T\u00e9l\u00e9phone *<br \/>\n<span class=\"wpcf7-form-control-wrap\" data-name=\"telephone\"><input size=\"40\" maxlength=\"400\" class=\"wpcf7-form-control wpcf7-tel wpcf7-validates-as-required wpcf7-text wpcf7-validates-as-tel\" aria-required=\"true\" aria-invalid=\"false\" value=\"\" type=\"tel\" name=\"telephone\" \/><\/span> <\/label>\n\t\t\t\t<\/p>\n\t\t\t<\/div>\n\t\t\t<div class=\"cf7-col\">\n\t\t\t\t<p><label> Mobile<br \/>\n<span class=\"wpcf7-form-control-wrap\" data-name=\"mobile\"><input size=\"40\" maxlength=\"400\" class=\"wpcf7-form-control wpcf7-tel wpcf7-text wpcf7-validates-as-tel\" aria-invalid=\"false\" value=\"\" type=\"tel\" name=\"mobile\" \/><\/span> <\/label>\n\t\t\t\t<\/p>\n\t\t\t<\/div>\n\t\t<\/div>\n\t\t<p><label> Courriel *<br \/>\n<span class=\"wpcf7-form-control-wrap\" data-name=\"courriel\"><input size=\"40\" maxlength=\"400\" class=\"wpcf7-form-control wpcf7-email wpcf7-validates-as-required wpcf7-text wpcf7-validates-as-email\" aria-required=\"true\" aria-invalid=\"false\" value=\"\" type=\"email\" name=\"courriel\" \/><\/span> <\/label>\n\t\t<\/p>\n\t\t<p><button type=\"button\" class=\"cf7-next\">Suivant<\/button>\n\t\t<\/p>\n\t<\/div>\n\t<div class=\"cf7-step-content cf7-step-2\">\n\t\t<h3>Votre R\u00e9servation\n\t\t<\/h3>\n\t\t<div class=\"cf7-row\">\n\t\t\t<div class=\"cf7-col\">\n\t\t\t\t<p><label> Date d'arriv\u00e9e *<br \/>\n<span class=\"wpcf7-form-control-wrap\" data-name=\"date_arrivee\"><input class=\"wpcf7-form-control wpcf7-date wpcf7-validates-as-required wpcf7-validates-as-date\" aria-required=\"true\" aria-invalid=\"false\" placeholder=\"Choisir Date\" value=\"\" type=\"date\" name=\"date_arrivee\" \/><\/span> <\/label>\n\t\t\t\t<\/p>\n\t\t\t<\/div>\n\t\t\t<div class=\"cf7-col\">\n\t\t\t\t<p><label> Date de d\u00e9part *<br \/>\n<span class=\"wpcf7-form-control-wrap\" data-name=\"date_depart\"><input class=\"wpcf7-form-control wpcf7-date wpcf7-validates-as-required wpcf7-validates-as-date\" aria-required=\"true\" aria-invalid=\"false\" placeholder=\"Choisir Date\" value=\"\" type=\"date\" name=\"date_depart\" \/><\/span> <\/label>\n\t\t\t\t<\/p>\n\t\t\t<\/div>\n\t\t<\/div>\n\t\t<p><label> Chambre Choisie *<br \/>\n<span class=\"wpcf7-form-control-wrap\" data-name=\"chambre\"><select class=\"wpcf7-form-control wpcf7-select wpcf7-validates-as-required\" aria-required=\"true\" aria-invalid=\"false\" name=\"chambre\"><option value=\"\">Veuillez s\u00e9lectionner<\/option><option value=\"Chambre Le Lavoir\">Chambre Le Lavoir<\/option><option value=\"Chambre La Piscine\">Chambre La Piscine<\/option><option value=\"Chambre L&#039;Hirondelle\">Chambre L&#039;Hirondelle<\/option><option value=\"La Suite\">La Suite<\/option><\/select><\/span> <\/label>\n\t\t<\/p>\n\t\t<div class=\"cf7-row\">\n\t\t\t<div class=\"cf7-col\">\n\t\t\t\t<p><label> Nb Adultes *<br \/>\n<span class=\"wpcf7-form-control-wrap\" data-name=\"nb_adultes\"><input class=\"wpcf7-form-control wpcf7-number wpcf7-validates-as-required wpcf7-validates-as-number\" min=\"1\" max=\"20\" aria-required=\"true\" aria-invalid=\"false\" value=\"\" type=\"number\" name=\"nb_adultes\" \/><\/span> <\/label>\n\t\t\t\t<\/p>\n\t\t\t<\/div>\n\t\t\t<div class=\"cf7-col\">\n\t\t\t\t<p><label> Nb Enfants<br \/>\n<span class=\"wpcf7-form-control-wrap\" data-name=\"nb_enfants\"><input class=\"wpcf7-form-control wpcf7-number wpcf7-validates-as-number\" min=\"0\" max=\"20\" aria-invalid=\"false\" value=\"\" type=\"number\" name=\"nb_enfants\" \/><\/span> <\/label>\n\t\t\t\t<\/p>\n\t\t\t<\/div>\n\t\t\t<div class=\"cf7-col\">\n\t\t\t\t<p><label> Nb B\u00e9b\u00e9s<br \/>\n<span class=\"wpcf7-form-control-wrap\" data-name=\"nb_bebes\"><input class=\"wpcf7-form-control wpcf7-number wpcf7-validates-as-number\" min=\"0\" max=\"10\" aria-invalid=\"false\" value=\"\" type=\"number\" name=\"nb_bebes\" \/><\/span> <\/label>\n\t\t\t\t<\/p>\n\t\t\t<\/div>\n\t\t<\/div>\n\t\t<p><label> \u00c2ge des enfants<br \/>\n<span class=\"wpcf7-form-control-wrap\" data-name=\"age_enfants\"><input size=\"40\" maxlength=\"400\" class=\"wpcf7-form-control wpcf7-text\" aria-invalid=\"false\" value=\"\" type=\"text\" name=\"age_enfants\" \/><\/span> <\/label>\n\t\t<\/p>\n\t\t<p><label> Ajouts & Commentaires<br \/>\n<span class=\"wpcf7-form-control-wrap\" data-name=\"commentaires\"><textarea cols=\"40\" rows=\"10\" maxlength=\"2000\" class=\"wpcf7-form-control wpcf7-textarea\" aria-invalid=\"false\" name=\"commentaires\"><\/textarea><\/span> <\/label>\n\t\t<\/p>\n\t\t<p>Souhaitez-vous une r\u00e9ponse par :\n\t\t<\/p>\n\t\t<p><span class=\"wpcf7-form-control-wrap\" data-name=\"contact_choix\"><span class=\"wpcf7-form-control wpcf7-radio\"><span class=\"wpcf7-list-item first\"><input type=\"radio\" name=\"contact_choix\" value=\"courriel\" checked=\"checked\" \/><span class=\"wpcf7-list-item-label\">courriel<\/span><\/span><span class=\"wpcf7-list-item\"><input type=\"radio\" name=\"contact_choix\" value=\"t\u00e9l\u00e9phone\" \/><span class=\"wpcf7-list-item-label\">t\u00e9l\u00e9phone<\/span><\/span><span class=\"wpcf7-list-item last\"><input type=\"radio\" name=\"contact_choix\" value=\"courrier\" \/><span class=\"wpcf7-list-item-label\">courrier<\/span><\/span><\/span><\/span>\n\t\t<\/p>\n\t\t<p><div class=\"cf7-cf-turnstile\" style=\"margin-top: 0px; margin-bottom: -15px;\"> <div id=\"cf-turnstile-cf7-4063012492\" class=\"cf-turnstile\" data-sitekey=\"0x4AAAAAAC0N3cjWeQNUvDfW\" data-theme=\"light\" data-language=\"fr-fr\" data-size=\"normal\" data-retry=\"auto\" data-retry-interval=\"1000\" data-refresh-expired=\"auto\" data-refresh-timeout=\"auto\" data-action=\"contact-form-7\" data-callback=\"turnstileCF7Callback\" data-appearance=\"always\"><\/div> <script>document.addEventListener(\"DOMContentLoaded\", function() { setTimeout(function(){ var e=document.getElementById(\"cf-turnstile-cf7-4063012492\"); if(e&&!e.innerHTML.trim()){turnstile.render(e, {sitekey:\"0x4AAAAAAC0N3cjWeQNUvDfW\"});} }, 200); });<\/script> <br class=\"cf-turnstile-br cf-turnstile-br-cf7-4063012492\"> <style>#cf-turnstile-cf7-4063012492 { margin-left: -15px; }<\/style> <script>document.addEventListener(\"DOMContentLoaded\",function(){document.querySelectorAll('.wpcf7-form').forEach(function(e){e.addEventListener('submit',function(){if(document.getElementById('cf-turnstile-cf7-4063012492')){setTimeout(function(){turnstile.reset('#cf-turnstile-cf7-4063012492');},1000)}})})});<\/script> <\/div>\n\t\t<\/p>\n\t\t<p class=\"cf7-nav\"><br \/>\n<button type=\"button\" class=\"cf7-prev\">Pr\u00e9c\u00e9dent<\/button>\n\t\t<\/p>\n\t\t<p><input class=\"wpcf7-form-control wpcf7-submit has-spinner\" type=\"submit\" value=\"R\u00e9servez Maintenant\" \/>\n\t\t<\/p>\n\t<\/div>\n<\/div><div class=\"wpcf7-response-output\" aria-hidden=\"true\"><\/div>\n<\/form>\n<\/div>\n\n<div class=\"plus-info-supplementaires\">\n<h3>Informations Suppl\u00e9mentaires<\/h3>\n<p>* Confitures, pains, brioches , madeleines sont faits maison . On varie les plaisirs avec cookies , g\u00e2teaux ,\u00a0 clafoutis , tarte , pancakes et autres selon\u00a0 \u00a0\u00a0\u00a0\u00a0\u00a0 les envies aux fourneaux &#8230; Et\u00a0 toujours les bonnes ficelles et pains sp\u00e9ciaux de notre boulanger du village .<\/p>\n<p>** Le d\u00eener est servi uniquement le soir sur r\u00e9servation \u00e0 partir de 6 pers 48H \u00e0 l&#8217;avance<\/p>\n<p>Le restaurant du village se situe \u00e0 300 m\u00e8tres de la maison.<\/p>\n<p>Et plusieurs restaurants \u00e0 7-10 km alentours<\/p>\n<p>**Animaux de compagnie :** Nos amis les animaux ne sont pas accept\u00e9s. (Iron , notre berger blanc suisse, garde son territoire !)<\/p>\n<p>La r\u00e9servation ne sera valide qu&#8217;\u00e0 r\u00e9ception des **arrhes (25 %)** et sous r\u00e9serve de disponibilit\u00e9 .<\/p>\n<p>Pour tout autre renseignement ou demande de disponibilit\u00e9, n&#8217;h\u00e9sitez pas \u00e0 communiquer avec nous .<\/p>\n<\/div>\n","protected":false},"excerpt":{"rendered":"<p>Informations Suppl\u00e9mentaires * Confitures, pains, brioches , madeleines sont faits maison . On varie les plaisirs avec cookies , g\u00e2teaux ,\u00a0 clafoutis , tarte , pancakes et autres selon\u00a0 \u00a0\u00a0\u00a0\u00a0\u00a0 les envies aux fourneaux &#8230; Et\u00a0 toujours les bonnes ficelles et pains sp\u00e9ciaux de notre boulanger du village . ** Le d\u00eener est servi uniquement [&hellip;]<\/p>\n","protected":false},"author":1,"featured_media":717,"parent":0,"menu_order":0,"comment_status":"open","ping_status":"open","template":"","meta":{"_acf_changed":false,"footnotes":""},"class_list":["post-65","page","type-page","status-publish","has-post-thumbnail","hentry"],"acf":[],"_links":{"self":[{"href":"https:\/\/lapradella.fr\/new\/wp-json\/wp\/v2\/pages\/65","targetHints":{"allow":["GET"]}}],"collection":[{"href":"https:\/\/lapradella.fr\/new\/wp-json\/wp\/v2\/pages"}],"about":[{"href":"https:\/\/lapradella.fr\/new\/wp-json\/wp\/v2\/types\/page"}],"author":[{"embeddable":true,"href":"https:\/\/lapradella.fr\/new\/wp-json\/wp\/v2\/users\/1"}],"replies":[{"embeddable":true,"href":"https:\/\/lapradella.fr\/new\/wp-json\/wp\/v2\/comments?post=65"}],"version-history":[{"count":7,"href":"https:\/\/lapradella.fr\/new\/wp-json\/wp\/v2\/pages\/65\/revisions"}],"predecessor-version":[{"id":862,"href":"https:\/\/lapradella.fr\/new\/wp-json\/wp\/v2\/pages\/65\/revisions\/862"}],"wp:featuredmedia":[{"embeddable":true,"href":"https:\/\/lapradella.fr\/new\/wp-json\/wp\/v2\/media\/717"}],"wp:attachment":[{"href":"https:\/\/lapradella.fr\/new\/wp-json\/wp\/v2\/media?parent=65"}],"curies":[{"name":"wp","href":"https:\/\/api.w.org\/{rel}","templated":true}]}}