{"id":41,"date":"2012-01-19T12:23:00","date_gmt":"2012-01-19T12:23:00","guid":{"rendered":"https:\/\/lapradella.fr\/new\/?page_id=41"},"modified":"2026-04-24T12:40:37","modified_gmt":"2026-04-24T12:40:37","slug":"photos","status":"publish","type":"page","link":"https:\/\/lapradella.fr\/new\/photos\/","title":{"rendered":"Photos"},"content":{"rendered":"<h2>L&#8217;Ard\u00e8che, terre de caract\u00e8re<\/h2>\n<p>Entre gorges sculpt\u00e9es par le temps et villages de pierre blonde, l&#8217;Ard\u00e8che d\u00e9voile ses paysages avec une g\u00e9n\u00e9rosit\u00e9 tranquille. Ici, les ch\u00eanes verts c\u00f4toient les vignes en terrasses, les rivi\u00e8res serpentent au creux des vall\u00e9es, et la lumi\u00e8re du sud caresse les toits de lauze.<br \/>\nUn territoire o\u00f9 la nature a pris son temps \u2014 et nous invite \u00e0 faire de m\u00eame.<\/p>\n","protected":false},"excerpt":{"rendered":"<p>L&#8217;Ard\u00e8che, terre de caract\u00e8re Entre gorges sculpt\u00e9es par le temps et villages de pierre blonde, l&#8217;Ard\u00e8che d\u00e9voile ses paysages avec une g\u00e9n\u00e9rosit\u00e9 tranquille. Ici, les ch\u00eanes verts c\u00f4toient les vignes en terrasses, les rivi\u00e8res serpentent au creux des vall\u00e9es, et la lumi\u00e8re du sud caresse les toits de lauze. Un territoire o\u00f9 la nature a [&hellip;]<\/p>\n","protected":false},"author":1,"featured_media":0,"parent":0,"menu_order":0,"comment_status":"open","ping_status":"open","template":"page-template-portfolio.php","meta":{"_acf_changed":false,"footnotes":""},"class_list":["post-41","page","type-page","status-publish","hentry"],"acf":[],"_links":{"self":[{"href":"https:\/\/lapradella.fr\/new\/wp-json\/wp\/v2\/pages\/41","targetHints":{"allow":["GET"]}}],"collection":[{"href":"https:\/\/lapradella.fr\/new\/wp-json\/wp\/v2\/pages"}],"about":[{"href":"https:\/\/lapradella.fr\/new\/wp-json\/wp\/v2\/types\/page"}],"author":[{"embeddable":true,"href":"https:\/\/lapradella.fr\/new\/wp-json\/wp\/v2\/users\/1"}],"replies":[{"embeddable":true,"href":"https:\/\/lapradella.fr\/new\/wp-json\/wp\/v2\/comments?post=41"}],"version-history":[{"count":1,"href":"https:\/\/lapradella.fr\/new\/wp-json\/wp\/v2\/pages\/41\/revisions"}],"predecessor-version":[{"id":852,"href":"https:\/\/lapradella.fr\/new\/wp-json\/wp\/v2\/pages\/41\/revisions\/852"}],"wp:attachment":[{"href":"https:\/\/lapradella.fr\/new\/wp-json\/wp\/v2\/media?parent=41"}],"curies":[{"name":"wp","href":"https:\/\/api.w.org\/{rel}","templated":true}]}}