{"id":278,"date":"2012-01-27T11:49:10","date_gmt":"2012-01-27T11:49:10","guid":{"rendered":"https:\/\/lapradella.fr\/new\/?page_id=278"},"modified":"2026-04-24T19:57:42","modified_gmt":"2026-04-24T19:57:42","slug":"maison","status":"publish","type":"page","link":"https:\/\/lapradella.fr\/new\/maison\/","title":{"rendered":"La Maison"},"content":{"rendered":"<h1>B\u00e2tisse des ann\u00e9es cinquante en pierres,\u00a0 restaur\u00e9e en respectant les charmes du lieu.<\/h1>\n<p>&nbsp;<\/p>\n<div class=\"\"><b>Entour\u00e9e de son jardin de 6000m2 enti\u00e8rement cl\u00f4tur\u00e9 , arbor\u00e9 et fleuries en toute simplicit\u00e9 et respect de la biodiversit\u00e9 , la maison poss\u00e8de une pi\u00e8ce commune qui vous accueillera pour le petit d\u00e9jeuner, celle-ci donnant sur la piscine de 35 m<sup class=\"\">2<\/sup>\u00a0et ses indispensables transats.<\/b><\/div>\n<p class=\"\"><b>Vous y trouverez \u00e9galement des jeux de soci\u00e9t\u00e9, des livres sur la r\u00e9gion, le journal local, les cartes des circuits de randonn\u00e9es , ainsi qu&#8217;un acc\u00e8s Wifi .<\/b><\/p>\n<p class=\"\"><b>Sous la pool house : Une table de ping-pong , des jeux de raquettes , et un frigo mis \u00e0 votre disposition.<\/b><\/p>\n","protected":false},"excerpt":{"rendered":"<p>B\u00e2tisse des ann\u00e9es cinquante en pierres,\u00a0 restaur\u00e9e en respectant les charmes du lieu. &nbsp; Entour\u00e9e de son jardin de 6000m2 enti\u00e8rement cl\u00f4tur\u00e9 , arbor\u00e9 et fleuries en toute simplicit\u00e9 et respect de la biodiversit\u00e9 , la maison poss\u00e8de une pi\u00e8ce commune qui vous accueillera pour le petit d\u00e9jeuner, celle-ci donnant sur la piscine de 35 [&hellip;]<\/p>\n","protected":false},"author":1,"featured_media":721,"parent":0,"menu_order":0,"comment_status":"closed","ping_status":"open","template":"","meta":{"_acf_changed":false,"footnotes":""},"class_list":["post-278","page","type-page","status-publish","has-post-thumbnail","hentry"],"acf":[],"_links":{"self":[{"href":"https:\/\/lapradella.fr\/new\/wp-json\/wp\/v2\/pages\/278","targetHints":{"allow":["GET"]}}],"collection":[{"href":"https:\/\/lapradella.fr\/new\/wp-json\/wp\/v2\/pages"}],"about":[{"href":"https:\/\/lapradella.fr\/new\/wp-json\/wp\/v2\/types\/page"}],"author":[{"embeddable":true,"href":"https:\/\/lapradella.fr\/new\/wp-json\/wp\/v2\/users\/1"}],"replies":[{"embeddable":true,"href":"https:\/\/lapradella.fr\/new\/wp-json\/wp\/v2\/comments?post=278"}],"version-history":[{"count":4,"href":"https:\/\/lapradella.fr\/new\/wp-json\/wp\/v2\/pages\/278\/revisions"}],"predecessor-version":[{"id":861,"href":"https:\/\/lapradella.fr\/new\/wp-json\/wp\/v2\/pages\/278\/revisions\/861"}],"wp:featuredmedia":[{"embeddable":true,"href":"https:\/\/lapradella.fr\/new\/wp-json\/wp\/v2\/media\/721"}],"wp:attachment":[{"href":"https:\/\/lapradella.fr\/new\/wp-json\/wp\/v2\/media?parent=278"}],"curies":[{"name":"wp","href":"https:\/\/api.w.org\/{rel}","templated":true}]}}